{"id":2,"date":"2016-05-10T03:48:21","date_gmt":"2016-05-10T03:48:21","guid":{"rendered":"https:\/\/storytellinglab.org\/?page_id=2"},"modified":"2022-12-26T16:15:02","modified_gmt":"2022-12-26T15:15:02","slug":"sample-page","status":"publish","type":"page","link":"https:\/\/www.storytellinglab.org\/","title":{"rendered":"StorytellingLab"},"content":{"rendered":"\n<p>StoryellingLab \u00e8 il luogo di riferimento per chi \u00e8 interessato alle Scienze Narrative. Siamo un&#8217;associazione culturale nata per confrontare e integrare conoscenze, esperienze e specificit\u00e0 professionali, stimolando la ricerca, l&#8217;innovazione e la creazione di reti di studio nazionali e internazionali sulle Scienze Narrative. Il nostro obiettivo \u00e8 rendere le Scienze Narrative pi\u00f9 accessibili a tutti e promuoverne i benefici in tutti i settori.<\/p>\n\n\n\n<h2 class=\"has-text-align-center\">I Nostri Sponsor<\/h2>\n\n\n\n<div class=\"wp-container-4 wp-block-columns\">\n<div class=\"wp-container-1 wp-block-column\">\n<p class=\"has-text-align-center\">Followerius<\/p>\n\n\n\n<p>Followerius \u00e8 l&#8217;azienda leader nel social media marketing che pu\u00f2 aiutarla a far crescere il suo account Instagram in modo rapido e semplice. Con anni di esperienza nel settore, sanno esattamente cosa serve per promuovere il tuo account e ottenere i follower di cui hai bisogno.<\/p>\n\n\n\n<figure class=\"wp-block-table\"><table><tbody><tr><td><a href=\"https:\/\/followerius.com\/comprare-like-instagram\/\">Comprare Like Instagram<\/a>.<\/td><\/tr><\/tbody><\/table><\/figure>\n<\/div>\n\n\n\n<div class=\"wp-container-2 wp-block-column\">\n<p class=\"has-text-align-center\"><strong>Giornale Scientifico Originale<\/strong><\/p>\n\n\n\n<p>Il Giornale Scientifico Originale \u00e8 una rivista professionale che pubblica importanti ricerche scientifiche originali e recensioni di ricerca. Il focus della rivista \u00e8 la pubblicazione di risultati significativi che fanno progredire la nostra comprensione del mondo naturale.<\/p>\n<\/div>\n\n\n\n<div class=\"wp-container-3 wp-block-column\">\n<p class=\"has-text-align-center\"><strong>Coworking HQ<\/strong><\/p>\n\n\n\n<p>Coworking HQ \u00e8 un&#8217;azienda che offre servizi di coworking di qualit\u00e0. Ha diverse filiali in tutto il Paese, il che rende facile per le persone trovare uno spazio di coworking vicino a loro. La loro missione \u00e8 fornire servizi di qualit\u00e0 che aiutino le persone a lavorare meglio e in modo pi\u00f9 intelligente. <\/p>\n<\/div>\n<\/div>\n","protected":false},"excerpt":{"rendered":"<p>StoryellingLab \u00e8 il luogo di riferimento per chi \u00e8 interessato alle Scienze Narrative. Siamo un&#8217;associazione culturale nata per confrontare e integrare conoscenze, esperienze e specificit\u00e0 professionali, stimolando la ricerca, l&#8217;innovazione e la creazione di reti di studio nazionali e internazionali sulle Scienze Narrative. Il nostro obiettivo \u00e8 rendere le Scienze Narrative pi\u00f9 accessibili a tutti <a href=\"https:\/\/www.storytellinglab.org\/\" class=\"more-link\">&#8230;<span class=\"screen-reader-text\">  StorytellingLab<\/span><\/a><\/p>\n","protected":false},"author":1,"featured_media":0,"parent":0,"menu_order":0,"comment_status":"closed","ping_status":"open","template":"","meta":[],"yoast_head":"<!-- This site is optimized with the Yoast SEO plugin v19.8 - https:\/\/yoast.com\/wordpress\/plugins\/seo\/ -->\n<title>StorytellingLab<\/title>\n<meta name=\"description\" content=\"Storytelling Lab\" \/>\n<meta name=\"robots\" content=\"index, follow, max-snippet:-1, max-image-preview:large, max-video-preview:-1\" \/>\n<link rel=\"canonical\" href=\"https:\/\/www.storytellinglab.org\/\" \/>\n<meta property=\"og:locale\" content=\"it_IT\" \/>\n<meta property=\"og:type\" content=\"article\" \/>\n<meta property=\"og:title\" content=\"StorytellingLab\" \/>\n<meta property=\"og:description\" content=\"Storytelling Lab\" \/>\n<meta property=\"og:url\" content=\"https:\/\/www.storytellinglab.org\/\" \/>\n<meta property=\"og:site_name\" content=\"StorytellingLab\" \/>\n<meta property=\"article:modified_time\" content=\"2022-12-26T15:15:02+00:00\" \/>\n<meta name=\"twitter:card\" content=\"summary_large_image\" \/>\n<meta name=\"twitter:label1\" content=\"Tempo di lettura stimato\" \/>\n\t<meta name=\"twitter:data1\" content=\"2 minuti\" \/>\n<script type=\"application\/ld+json\" class=\"yoast-schema-graph\">{\"@context\":\"https:\/\/schema.org\",\"@graph\":[{\"@type\":\"WebPage\",\"@id\":\"https:\/\/www.storytellinglab.org\/\",\"url\":\"https:\/\/www.storytellinglab.org\/\",\"name\":\"StorytellingLab\",\"isPartOf\":{\"@id\":\"https:\/\/www.storytellinglab.org\/#website\"},\"datePublished\":\"2016-05-10T03:48:21+00:00\",\"dateModified\":\"2022-12-26T15:15:02+00:00\",\"description\":\"Storytelling Lab\",\"breadcrumb\":{\"@id\":\"https:\/\/www.storytellinglab.org\/#breadcrumb\"},\"inLanguage\":\"it-IT\",\"potentialAction\":[{\"@type\":\"ReadAction\",\"target\":[\"https:\/\/www.storytellinglab.org\/\"]}]},{\"@type\":\"BreadcrumbList\",\"@id\":\"https:\/\/www.storytellinglab.org\/#breadcrumb\",\"itemListElement\":[{\"@type\":\"ListItem\",\"position\":1,\"name\":\"Home\",\"item\":\"https:\/\/www.storytellinglab.org\/\"},{\"@type\":\"ListItem\",\"position\":2,\"name\":\"StorytellingLab\"}]},{\"@type\":\"WebSite\",\"@id\":\"https:\/\/www.storytellinglab.org\/#website\",\"url\":\"https:\/\/www.storytellinglab.org\/\",\"name\":\"StorytellingLab\",\"description\":\"StorytellingLab\",\"publisher\":{\"@id\":\"https:\/\/www.storytellinglab.org\/#organization\"},\"potentialAction\":[{\"@type\":\"SearchAction\",\"target\":{\"@type\":\"EntryPoint\",\"urlTemplate\":\"https:\/\/www.storytellinglab.org\/?s={search_term_string}\"},\"query-input\":\"required name=search_term_string\"}],\"inLanguage\":\"it-IT\"},{\"@type\":\"Organization\",\"@id\":\"https:\/\/www.storytellinglab.org\/#organization\",\"name\":\"StorytellingLab\",\"url\":\"https:\/\/www.storytellinglab.org\/\",\"sameAs\":[],\"logo\":{\"@type\":\"ImageObject\",\"inLanguage\":\"it-IT\",\"@id\":\"https:\/\/www.storytellinglab.org\/#\/schema\/logo\/image\/\",\"url\":\"https:\/\/www.storytellinglab.org\/wp-content\/uploads\/2022\/10\/Storytellinglab-logo.png\",\"contentUrl\":\"https:\/\/www.storytellinglab.org\/wp-content\/uploads\/2022\/10\/Storytellinglab-logo.png\",\"width\":248,\"height\":108,\"caption\":\"StorytellingLab\"},\"image\":{\"@id\":\"https:\/\/www.storytellinglab.org\/#\/schema\/logo\/image\/\"}}]}<\/script>\n<!-- \/ Yoast SEO plugin. -->","yoast_head_json":{"title":"StorytellingLab","description":"Storytelling Lab","robots":{"index":"index","follow":"follow","max-snippet":"max-snippet:-1","max-image-preview":"max-image-preview:large","max-video-preview":"max-video-preview:-1"},"canonical":"https:\/\/www.storytellinglab.org\/","og_locale":"it_IT","og_type":"article","og_title":"StorytellingLab","og_description":"Storytelling Lab","og_url":"https:\/\/www.storytellinglab.org\/","og_site_name":"StorytellingLab","article_modified_time":"2022-12-26T15:15:02+00:00","twitter_card":"summary_large_image","twitter_misc":{"Tempo di lettura stimato":"2 minuti"},"schema":{"@context":"https:\/\/schema.org","@graph":[{"@type":"WebPage","@id":"https:\/\/www.storytellinglab.org\/","url":"https:\/\/www.storytellinglab.org\/","name":"StorytellingLab","isPartOf":{"@id":"https:\/\/www.storytellinglab.org\/#website"},"datePublished":"2016-05-10T03:48:21+00:00","dateModified":"2022-12-26T15:15:02+00:00","description":"Storytelling Lab","breadcrumb":{"@id":"https:\/\/www.storytellinglab.org\/#breadcrumb"},"inLanguage":"it-IT","potentialAction":[{"@type":"ReadAction","target":["https:\/\/www.storytellinglab.org\/"]}]},{"@type":"BreadcrumbList","@id":"https:\/\/www.storytellinglab.org\/#breadcrumb","itemListElement":[{"@type":"ListItem","position":1,"name":"Home","item":"https:\/\/www.storytellinglab.org\/"},{"@type":"ListItem","position":2,"name":"StorytellingLab"}]},{"@type":"WebSite","@id":"https:\/\/www.storytellinglab.org\/#website","url":"https:\/\/www.storytellinglab.org\/","name":"StorytellingLab","description":"StorytellingLab","publisher":{"@id":"https:\/\/www.storytellinglab.org\/#organization"},"potentialAction":[{"@type":"SearchAction","target":{"@type":"EntryPoint","urlTemplate":"https:\/\/www.storytellinglab.org\/?s={search_term_string}"},"query-input":"required name=search_term_string"}],"inLanguage":"it-IT"},{"@type":"Organization","@id":"https:\/\/www.storytellinglab.org\/#organization","name":"StorytellingLab","url":"https:\/\/www.storytellinglab.org\/","sameAs":[],"logo":{"@type":"ImageObject","inLanguage":"it-IT","@id":"https:\/\/www.storytellinglab.org\/#\/schema\/logo\/image\/","url":"https:\/\/www.storytellinglab.org\/wp-content\/uploads\/2022\/10\/Storytellinglab-logo.png","contentUrl":"https:\/\/www.storytellinglab.org\/wp-content\/uploads\/2022\/10\/Storytellinglab-logo.png","width":248,"height":108,"caption":"StorytellingLab"},"image":{"@id":"https:\/\/www.storytellinglab.org\/#\/schema\/logo\/image\/"}}]}},"_links":{"self":[{"href":"https:\/\/www.storytellinglab.org\/index.php?rest_route=\/wp\/v2\/pages\/2"}],"collection":[{"href":"https:\/\/www.storytellinglab.org\/index.php?rest_route=\/wp\/v2\/pages"}],"about":[{"href":"https:\/\/www.storytellinglab.org\/index.php?rest_route=\/wp\/v2\/types\/page"}],"author":[{"embeddable":true,"href":"https:\/\/www.storytellinglab.org\/index.php?rest_route=\/wp\/v2\/users\/1"}],"replies":[{"embeddable":true,"href":"https:\/\/www.storytellinglab.org\/index.php?rest_route=%2Fwp%2Fv2%2Fcomments&post=2"}],"version-history":[{"count":13,"href":"https:\/\/www.storytellinglab.org\/index.php?rest_route=\/wp\/v2\/pages\/2\/revisions"}],"predecessor-version":[{"id":37,"href":"https:\/\/www.storytellinglab.org\/index.php?rest_route=\/wp\/v2\/pages\/2\/revisions\/37"}],"wp:attachment":[{"href":"https:\/\/www.storytellinglab.org\/index.php?rest_route=%2Fwp%2Fv2%2Fmedia&parent=2"}],"curies":[{"name":"wp","href":"https:\/\/api.w.org\/{rel}","templated":true}]}}